{"id":2136,"date":"2018-02-01T22:10:59","date_gmt":"2018-02-01T15:10:59","guid":{"rendered":"https:\/\/sea-hill.co.th\/EN\/?post_type=product&#038;p=2136"},"modified":"2018-02-01T22:10:59","modified_gmt":"2018-02-01T15:10:59","slug":"114758-chromate-test","status":"publish","type":"product","link":"https:\/\/sea-hill.co.th\/EN\/?product=114758-chromate-test","title":{"rendered":"114758 | Chromate Test"},"content":{"rendered":"<p>(chromium VI) Method: photometric 0.010 &#8211; 3.00 mg\/l Cr 0.02 &#8211; 6.69 mg\/l CrO\u2084 Spectroquant\u00ae<\/p>\n<div class=\"page\" title=\"Page 1\">\n<div class=\"layoutArea\">\n<div class=\"column\">\n<p>Eignung der Spectroquant\uf6da Tests\u00e4tze zur Selbst\u00fcberwachung Applicability of Spectroquant\uf6da Test Kits for Self-Monitoring.<br \/>\nAptitud de los equipos de ensayo Spectroquant\uf6da para autovigilancia<\/p>\n<p>Die Verfahrenskenndaten f\u00fcr den unten genannten Testsatz wurden gem\u00e4\u00df ISO 8466-1 und DIN 38402 A51 \u201dKalibrierung von Analysenverfahren\u201d bei der Produktionsendkontrolle ermittelt.<br \/>\nThe test characteristic data of the procedure of the following test kit were determined in accordance with ISO 8466-1 and DIN 38402 A51 \u201dCalibration of analysis methods\u201d during the production control process.<\/p>\n<p>Los datos caracter\u00edsticos del procedimiento para el equipo de ensayo abajo citado se determinaron seg\u00fan ISO 8466-1 y DIN 38402 A51 \u201dCalibraci\u00f3n de procedimientos anal\u00edticos\u201d durante el control final de producci\u00f3n.<\/p>\n<\/div>\n<\/div>\n<\/div>\n","protected":false},"excerpt":{"rendered":"<p>MERCK SPECTROQUANT CHROMATE TEST<\/p>\n[button type=\"primary\" url=\"https:\/\/sea-hill.co.th\/EN\/wp-content\/uploads\/2018\/02\/38.2-AMERC114758.0001.pdf\"]Safety Data Sheet[\/button]\n[button type=\"primary\" url=\"https:\/\/sea-hill.co.th\/EN\/wp-content\/uploads\/2018\/02\/38.1-AMERC114758.0001.pdf\"]Specifications[\/button]\n<p>&nbsp;<\/p>\n","protected":false},"featured_media":2141,"comment_status":"open","ping_status":"closed","template":"","meta":[],"_links":{"self":[{"href":"https:\/\/sea-hill.co.th\/EN\/index.php?rest_route=\/wp\/v2\/product\/2136"}],"collection":[{"href":"https:\/\/sea-hill.co.th\/EN\/index.php?rest_route=\/wp\/v2\/product"}],"about":[{"href":"https:\/\/sea-hill.co.th\/EN\/index.php?rest_route=\/wp\/v2\/types\/product"}],"replies":[{"embeddable":true,"href":"https:\/\/sea-hill.co.th\/EN\/index.php?rest_route=%2Fwp%2Fv2%2Fcomments&post=2136"}],"wp:featuredmedia":[{"embeddable":true,"href":"https:\/\/sea-hill.co.th\/EN\/index.php?rest_route=\/wp\/v2\/media\/2141"}],"wp:attachment":[{"href":"https:\/\/sea-hill.co.th\/EN\/index.php?rest_route=%2Fwp%2Fv2%2Fmedia&parent=2136"}],"curies":[{"name":"wp","href":"https:\/\/api.w.org\/{rel}","templated":true}]}}